{"id":3403,"date":"2025-04-18T09:25:13","date_gmt":"2025-04-18T07:25:13","guid":{"rendered":"https:\/\/handshake.at\/partners\/"},"modified":"2025-06-12T14:43:03","modified_gmt":"2025-06-12T12:43:03","slug":"partners","status":"publish","type":"page","link":"https:\/\/handshake.at\/de\/partners\/","title":{"rendered":"Partner"},"content":{"rendered":"\t\t<div data-elementor-type=\"wp-post\" data-elementor-id=\"3403\" class=\"elementor elementor-3403 elementor-2408\" data-elementor-post-type=\"page\">\n\t\t\t\t<div class=\"elementor-element elementor-element-4d849f3 e-flex e-con-boxed e-con e-parent\" data-id=\"4d849f3\" data-element_type=\"container\" data-settings=\"{&quot;background_background&quot;:&quot;classic&quot;}\">\n\t\t\t\t\t<div class=\"e-con-inner\">\n\t\t<div class=\"elementor-element elementor-element-75c0b16 e-con-full e-flex e-con e-child\" data-id=\"75c0b16\" data-element_type=\"container\">\n\t\t\t\t<div class=\"elementor-element elementor-element-0d1ee0f elementor-widget elementor-widget-image\" data-id=\"0d1ee0f\" data-element_type=\"widget\" data-widget_type=\"image.default\">\n\t\t\t\t<div class=\"elementor-widget-container\">\n\t\t\t\t\t\t\t\t\t\t\t\t\t\t\t<img fetchpriority=\"high\" decoding=\"async\" width=\"800\" height=\"505\" src=\"https:\/\/handshake.at\/wp-content\/uploads\/2025\/04\/chief-executive-officer-with-secretary-meet-up-wit-2024-10-14-20-26-05-utc-1-1024x646.jpg\" class=\"attachment-large size-large wp-image-2523\" alt=\"\" srcset=\"https:\/\/handshake.at\/wp-content\/uploads\/2025\/04\/chief-executive-officer-with-secretary-meet-up-wit-2024-10-14-20-26-05-utc-1-1024x646.jpg 1024w, https:\/\/handshake.at\/wp-content\/uploads\/2025\/04\/chief-executive-officer-with-secretary-meet-up-wit-2024-10-14-20-26-05-utc-1-300x189.jpg 300w, https:\/\/handshake.at\/wp-content\/uploads\/2025\/04\/chief-executive-officer-with-secretary-meet-up-wit-2024-10-14-20-26-05-utc-1-768x484.jpg 768w, https:\/\/handshake.at\/wp-content\/uploads\/2025\/04\/chief-executive-officer-with-secretary-meet-up-wit-2024-10-14-20-26-05-utc-1-1536x969.jpg 1536w, https:\/\/handshake.at\/wp-content\/uploads\/2025\/04\/chief-executive-officer-with-secretary-meet-up-wit-2024-10-14-20-26-05-utc-1-2048x1291.jpg 2048w\" sizes=\"(max-width: 800px) 100vw, 800px\" \/>\t\t\t\t\t\t\t\t\t\t\t\t\t\t\t<\/div>\n\t\t\t\t<\/div>\n\t\t\t\t<\/div>\n\t\t<div class=\"elementor-element elementor-element-2c898b7 e-con-full e-flex e-con e-child\" data-id=\"2c898b7\" data-element_type=\"container\">\n\t\t\t\t<div class=\"elementor-element elementor-element-c476834 elementor-widget elementor-widget-heading\" data-id=\"c476834\" data-element_type=\"widget\" data-widget_type=\"heading.default\">\n\t\t\t\t<div class=\"elementor-widget-container\">\n\t\t\t\t\t<h1 class=\"elementor-heading-title elementor-size-default\">handshake Sales Partner<\/h1>\t\t\t\t<\/div>\n\t\t\t\t<\/div>\n\t\t\t\t<div class=\"elementor-element elementor-element-01a8b7d elementor-widget elementor-widget-text-editor\" data-id=\"01a8b7d\" data-element_type=\"widget\" data-widget_type=\"text-editor.default\">\n\t\t\t\t<div class=\"elementor-widget-container\">\n\t\t\t\t\t\t\t\t\t<p data-start=\"147\" data-end=\"179\"><strong data-start=\"147\" data-end=\"179\">Ihr GxP-Know-how ist gefragt<\/strong><\/p><p data-start=\"181\" data-end=\"398\">Sie bringen fundierte Erfahrung aus verschiedenen Bereichen der GxP-Compliance mit? Arbeiten als selbstst\u00e4ndiger Berater oder f\u00fchren ein spezialisiertes Beratungsunternehmen im Umfeld der Pharma- und Prozessindustrie?<\/p><p data-start=\"400\" data-end=\"591\">Wir sind laufend im Austausch mit Expertinnen und Experten, die sich in ihrem Netzwerk f\u00fcr qualitativ hochwertige GxP-L\u00f6sungen engagieren \u2013 und freuen uns \u00fcber neue Impulse und Kooperationen.<\/p><p data-start=\"593\" data-end=\"798\">Wenn Sie neugierig sind, wie eine Partnerschaft konkret aussehen kann, lassen Sie uns ins Gespr\u00e4ch kommen. In einem ersten Austausch kl\u00e4ren wir gerne gemeinsam, ob und wie eine Zusammenarbeit sinnvoll ist.<\/p>\t\t\t\t\t\t\t\t<\/div>\n\t\t\t\t<\/div>\n\t\t\t\t<div class=\"elementor-element elementor-element-8d80fb6 elementor-align-right elementor-widget__width-auto elementor-hidden-tablet elementor-hidden-mobile elementor-widget elementor-widget-button\" data-id=\"8d80fb6\" data-element_type=\"widget\" data-widget_type=\"button.default\">\n\t\t\t\t<div class=\"elementor-widget-container\">\n\t\t\t\t\t\t\t\t\t<div class=\"elementor-button-wrapper\">\n\t\t\t\t\t<a class=\"elementor-button elementor-button-link elementor-size-sm\" href=\"https:\/\/info.handshake.at\/meetings\/sync\/get-in-touch\">\n\t\t\t\t\t\t<span class=\"elementor-button-content-wrapper\">\n\t\t\t\t\t\t\t\t\t<span class=\"elementor-button-text\">Kontakt aufnehmen<\/span>\n\t\t\t\t\t<\/span>\n\t\t\t\t\t<\/a>\n\t\t\t\t<\/div>\n\t\t\t\t\t\t\t\t<\/div>\n\t\t\t\t<\/div>\n\t\t\t\t<\/div>\n\t\t\t\t\t<\/div>\n\t\t\t\t<\/div>\n\t\t<div class=\"elementor-element elementor-element-47587de3 e-flex e-con-boxed e-con e-parent\" data-id=\"47587de3\" data-element_type=\"container\" data-settings=\"{&quot;background_background&quot;:&quot;classic&quot;}\">\n\t\t\t\t\t<div class=\"e-con-inner\">\n\t\t<div class=\"elementor-element elementor-element-70ed7540 e-con-full e-flex e-con e-child\" data-id=\"70ed7540\" data-element_type=\"container\">\n\t\t\t\t<div class=\"elementor-element elementor-element-1956b485 elementor-widget elementor-widget-heading\" data-id=\"1956b485\" data-element_type=\"widget\" data-widget_type=\"heading.default\">\n\t\t\t\t<div class=\"elementor-widget-container\">\n\t\t\t\t\t<h2 class=\"elementor-heading-title elementor-size-default\">handshake Implementation Partner<\/h2>\t\t\t\t<\/div>\n\t\t\t\t<\/div>\n\t\t\t\t<div class=\"elementor-element elementor-element-dbe294c elementor-widget elementor-widget-text-editor\" data-id=\"dbe294c\" data-element_type=\"widget\" data-widget_type=\"text-editor.default\">\n\t\t\t\t<div class=\"elementor-widget-container\">\n\t\t\t\t\t\t\t\t\t<p data-start=\"190\" data-end=\"261\"><strong data-start=\"190\" data-end=\"261\">Partnerschaft auf Augenh\u00f6he \u2013 f\u00fcr IT-Spezialisten in GxP-Umgebungen<\/strong><\/p><p data-start=\"263\" data-end=\"521\">Ihr Unternehmen ist in der IT-Beratung oder Softwareentwicklung t\u00e4tig \u2013 mit fundierter Erfahrung im regulierten GxP-Umfeld der Pharma- und Prozessindustrie? Sie kennen die Anforderungen bei der Einf\u00fchrung von Computersystemen in Laboren und Produktionsbereichen?<\/p><p data-start=\"523\" data-end=\"722\">Wir sind an einem Austausch mit qualifizierten Umsetzungspartnern interessiert, die unsere Softwarel\u00f6sungen auf Lizenzbasis in bestehende Transformationsprojekte bei ihren Kunden integrieren m\u00f6chten.<\/p><p data-start=\"724\" data-end=\"904\">Wenn dieses Modell zu Ihrer strategischen Ausrichtung passt, freuen wir uns auf ein erstes Gespr\u00e4ch. Gemeinsam kl\u00e4ren wir, wie eine m\u00f6gliche Zusammenarbeit konkret aussehen k\u00f6nnte.<\/p>\t\t\t\t\t\t\t\t<\/div>\n\t\t\t\t<\/div>\n\t\t\t\t<div class=\"elementor-element elementor-element-c5b8614 elementor-align-right elementor-widget__width-auto elementor-hidden-tablet elementor-hidden-mobile elementor-widget elementor-widget-button\" data-id=\"c5b8614\" data-element_type=\"widget\" data-widget_type=\"button.default\">\n\t\t\t\t<div class=\"elementor-widget-container\">\n\t\t\t\t\t\t\t\t\t<div class=\"elementor-button-wrapper\">\n\t\t\t\t\t<a class=\"elementor-button elementor-button-link elementor-size-sm\" href=\"https:\/\/info.handshake.at\/meetings\/sync\/get-in-touch\">\n\t\t\t\t\t\t<span class=\"elementor-button-content-wrapper\">\n\t\t\t\t\t\t\t\t\t<span class=\"elementor-button-text\">Kontakt aufnehmen<\/span>\n\t\t\t\t\t<\/span>\n\t\t\t\t\t<\/a>\n\t\t\t\t<\/div>\n\t\t\t\t\t\t\t\t<\/div>\n\t\t\t\t<\/div>\n\t\t\t\t<\/div>\n\t\t<div class=\"elementor-element elementor-element-5490527e e-con-full e-flex e-con e-child\" data-id=\"5490527e\" data-element_type=\"container\">\n\t\t\t\t<div class=\"elementor-element elementor-element-2c794ae4 elementor-widget elementor-widget-image\" data-id=\"2c794ae4\" data-element_type=\"widget\" data-widget_type=\"image.default\">\n\t\t\t\t<div class=\"elementor-widget-container\">\n\t\t\t\t\t\t\t\t\t\t\t\t\t\t\t<img decoding=\"async\" width=\"800\" height=\"534\" src=\"https:\/\/handshake.at\/wp-content\/uploads\/2025\/04\/three-experienced-managers-team-leaders-meet-and-2025-03-26-21-53-51-utc-1-1024x683.jpg\" class=\"attachment-large size-large wp-image-2521\" alt=\"\" srcset=\"https:\/\/handshake.at\/wp-content\/uploads\/2025\/04\/three-experienced-managers-team-leaders-meet-and-2025-03-26-21-53-51-utc-1-1024x683.jpg 1024w, https:\/\/handshake.at\/wp-content\/uploads\/2025\/04\/three-experienced-managers-team-leaders-meet-and-2025-03-26-21-53-51-utc-1-300x200.jpg 300w, https:\/\/handshake.at\/wp-content\/uploads\/2025\/04\/three-experienced-managers-team-leaders-meet-and-2025-03-26-21-53-51-utc-1-768x512.jpg 768w, https:\/\/handshake.at\/wp-content\/uploads\/2025\/04\/three-experienced-managers-team-leaders-meet-and-2025-03-26-21-53-51-utc-1-1536x1024.jpg 1536w, https:\/\/handshake.at\/wp-content\/uploads\/2025\/04\/three-experienced-managers-team-leaders-meet-and-2025-03-26-21-53-51-utc-1-2048x1365.jpg 2048w\" sizes=\"(max-width: 800px) 100vw, 800px\" \/>\t\t\t\t\t\t\t\t\t\t\t\t\t\t\t<\/div>\n\t\t\t\t<\/div>\n\t\t\t\t<\/div>\n\t\t\t\t\t<\/div>\n\t\t\t\t<\/div>\n\t\t\t\t<\/div>\n\t\t","protected":false},"excerpt":{"rendered":"<p>handshake Sales Partner Ihr GxP-Know-how ist gefragt Sie bringen fundierte Erfahrung aus verschiedenen Bereichen der GxP-Compliance mit? Arbeiten als selbstst\u00e4ndiger Berater oder f\u00fchren ein spezialisiertes Beratungsunternehmen im Umfeld der Pharma- und Prozessindustrie? Wir sind laufend im Austausch mit Expertinnen und Experten, die sich in ihrem Netzwerk f\u00fcr qualitativ hochwertige GxP-L\u00f6sungen engagieren \u2013 und freuen uns [&hellip;]<\/p>\n","protected":false},"author":6,"featured_media":0,"parent":0,"menu_order":0,"comment_status":"closed","ping_status":"closed","template":"","meta":{"_acf_changed":false,"inline_featured_image":false,"footnotes":""},"class_list":["post-3403","page","type-page","status-publish","hentry"],"acf":[],"yoast_head":"<!-- This site is optimized with the Yoast SEO plugin v26.2 - https:\/\/yoast.com\/wordpress\/plugins\/seo\/ -->\n<title>Partner - Handshake<\/title>\n<meta name=\"robots\" content=\"index, follow, max-snippet:-1, max-image-preview:large, max-video-preview:-1\" \/>\n<link rel=\"canonical\" href=\"https:\/\/handshake.at\/de\/partners\/\" \/>\n<meta property=\"og:locale\" content=\"de_DE\" \/>\n<meta property=\"og:type\" content=\"article\" \/>\n<meta property=\"og:title\" content=\"Partner - Handshake\" \/>\n<meta property=\"og:description\" content=\"handshake Sales Partner Ihr GxP-Know-how ist gefragt Sie bringen fundierte Erfahrung aus verschiedenen Bereichen der GxP-Compliance mit? Arbeiten als selbstst\u00e4ndiger Berater oder f\u00fchren ein spezialisiertes Beratungsunternehmen im Umfeld der Pharma- und Prozessindustrie? Wir sind laufend im Austausch mit Expertinnen und Experten, die sich in ihrem Netzwerk f\u00fcr qualitativ hochwertige GxP-L\u00f6sungen engagieren \u2013 und freuen uns [&hellip;]\" \/>\n<meta property=\"og:url\" content=\"https:\/\/handshake.at\/de\/partners\/\" \/>\n<meta property=\"og:site_name\" content=\"Handshake\" \/>\n<meta property=\"article:modified_time\" content=\"2025-06-12T12:43:03+00:00\" \/>\n<meta property=\"og:image\" content=\"https:\/\/handshake.at\/wp-content\/uploads\/2025\/04\/chief-executive-officer-with-secretary-meet-up-wit-2024-10-14-20-26-05-utc-1-scaled.jpg\" \/>\n\t<meta property=\"og:image:width\" content=\"2560\" \/>\n\t<meta property=\"og:image:height\" content=\"1614\" \/>\n\t<meta property=\"og:image:type\" content=\"image\/jpeg\" \/>\n<meta name=\"twitter:card\" content=\"summary_large_image\" \/>\n<meta name=\"twitter:label1\" content=\"Gesch\u00e4tzte Lesezeit\" \/>\n\t<meta name=\"twitter:data1\" content=\"1\u00a0Minute\" \/>\n<script type=\"application\/ld+json\" class=\"yoast-schema-graph\">{\"@context\":\"https:\/\/schema.org\",\"@graph\":[{\"@type\":\"WebPage\",\"@id\":\"https:\/\/handshake.at\/de\/partners\/\",\"url\":\"https:\/\/handshake.at\/de\/partners\/\",\"name\":\"Partner - Handshake\",\"isPartOf\":{\"@id\":\"https:\/\/handshake.at\/#website\"},\"primaryImageOfPage\":{\"@id\":\"https:\/\/handshake.at\/de\/partners\/#primaryimage\"},\"image\":{\"@id\":\"https:\/\/handshake.at\/de\/partners\/#primaryimage\"},\"thumbnailUrl\":\"https:\/\/handshake.at\/wp-content\/uploads\/2025\/04\/chief-executive-officer-with-secretary-meet-up-wit-2024-10-14-20-26-05-utc-1-1024x646.jpg\",\"datePublished\":\"2025-04-18T07:25:13+00:00\",\"dateModified\":\"2025-06-12T12:43:03+00:00\",\"breadcrumb\":{\"@id\":\"https:\/\/handshake.at\/de\/partners\/#breadcrumb\"},\"inLanguage\":\"de\",\"potentialAction\":[{\"@type\":\"ReadAction\",\"target\":[\"https:\/\/handshake.at\/de\/partners\/\"]}]},{\"@type\":\"ImageObject\",\"inLanguage\":\"de\",\"@id\":\"https:\/\/handshake.at\/de\/partners\/#primaryimage\",\"url\":\"https:\/\/handshake.at\/wp-content\/uploads\/2025\/04\/chief-executive-officer-with-secretary-meet-up-wit-2024-10-14-20-26-05-utc-1-1024x646.jpg\",\"contentUrl\":\"https:\/\/handshake.at\/wp-content\/uploads\/2025\/04\/chief-executive-officer-with-secretary-meet-up-wit-2024-10-14-20-26-05-utc-1-1024x646.jpg\"},{\"@type\":\"BreadcrumbList\",\"@id\":\"https:\/\/handshake.at\/de\/partners\/#breadcrumb\",\"itemListElement\":[{\"@type\":\"ListItem\",\"position\":1,\"name\":\"Home\",\"item\":\"https:\/\/handshake.at\/de\/\"},{\"@type\":\"ListItem\",\"position\":2,\"name\":\"Partner\"}]},{\"@type\":\"WebSite\",\"@id\":\"https:\/\/handshake.at\/#website\",\"url\":\"https:\/\/handshake.at\/\",\"name\":\"Handshake\",\"description\":\"IT specialist for the pharma industry\",\"publisher\":{\"@id\":\"https:\/\/handshake.at\/#organization\"},\"potentialAction\":[{\"@type\":\"SearchAction\",\"target\":{\"@type\":\"EntryPoint\",\"urlTemplate\":\"https:\/\/handshake.at\/?s={search_term_string}\"},\"query-input\":{\"@type\":\"PropertyValueSpecification\",\"valueRequired\":true,\"valueName\":\"search_term_string\"}}],\"inLanguage\":\"de\"},{\"@type\":\"Organization\",\"@id\":\"https:\/\/handshake.at\/#organization\",\"name\":\"Handshake\",\"url\":\"https:\/\/handshake.at\/\",\"logo\":{\"@type\":\"ImageObject\",\"inLanguage\":\"de\",\"@id\":\"https:\/\/handshake.at\/#\/schema\/logo\/image\/\",\"url\":\"https:\/\/handshake.at\/wp-content\/uploads\/2025\/02\/handshake-logo-1.svg\",\"contentUrl\":\"https:\/\/handshake.at\/wp-content\/uploads\/2025\/02\/handshake-logo-1.svg\",\"width\":663,\"height\":141,\"caption\":\"Handshake\"},\"image\":{\"@id\":\"https:\/\/handshake.at\/#\/schema\/logo\/image\/\"}}]}<\/script>\n<!-- \/ Yoast SEO plugin. -->","yoast_head_json":{"title":"Partner - Handshake","robots":{"index":"index","follow":"follow","max-snippet":"max-snippet:-1","max-image-preview":"max-image-preview:large","max-video-preview":"max-video-preview:-1"},"canonical":"https:\/\/handshake.at\/de\/partners\/","og_locale":"de_DE","og_type":"article","og_title":"Partner - Handshake","og_description":"handshake Sales Partner Ihr GxP-Know-how ist gefragt Sie bringen fundierte Erfahrung aus verschiedenen Bereichen der GxP-Compliance mit? Arbeiten als selbstst\u00e4ndiger Berater oder f\u00fchren ein spezialisiertes Beratungsunternehmen im Umfeld der Pharma- und Prozessindustrie? Wir sind laufend im Austausch mit Expertinnen und Experten, die sich in ihrem Netzwerk f\u00fcr qualitativ hochwertige GxP-L\u00f6sungen engagieren \u2013 und freuen uns [&hellip;]","og_url":"https:\/\/handshake.at\/de\/partners\/","og_site_name":"Handshake","article_modified_time":"2025-06-12T12:43:03+00:00","og_image":[{"width":2560,"height":1614,"url":"https:\/\/handshake.at\/wp-content\/uploads\/2025\/04\/chief-executive-officer-with-secretary-meet-up-wit-2024-10-14-20-26-05-utc-1-scaled.jpg","type":"image\/jpeg"}],"twitter_card":"summary_large_image","twitter_misc":{"Gesch\u00e4tzte Lesezeit":"1\u00a0Minute"},"schema":{"@context":"https:\/\/schema.org","@graph":[{"@type":"WebPage","@id":"https:\/\/handshake.at\/de\/partners\/","url":"https:\/\/handshake.at\/de\/partners\/","name":"Partner - Handshake","isPartOf":{"@id":"https:\/\/handshake.at\/#website"},"primaryImageOfPage":{"@id":"https:\/\/handshake.at\/de\/partners\/#primaryimage"},"image":{"@id":"https:\/\/handshake.at\/de\/partners\/#primaryimage"},"thumbnailUrl":"https:\/\/handshake.at\/wp-content\/uploads\/2025\/04\/chief-executive-officer-with-secretary-meet-up-wit-2024-10-14-20-26-05-utc-1-1024x646.jpg","datePublished":"2025-04-18T07:25:13+00:00","dateModified":"2025-06-12T12:43:03+00:00","breadcrumb":{"@id":"https:\/\/handshake.at\/de\/partners\/#breadcrumb"},"inLanguage":"de","potentialAction":[{"@type":"ReadAction","target":["https:\/\/handshake.at\/de\/partners\/"]}]},{"@type":"ImageObject","inLanguage":"de","@id":"https:\/\/handshake.at\/de\/partners\/#primaryimage","url":"https:\/\/handshake.at\/wp-content\/uploads\/2025\/04\/chief-executive-officer-with-secretary-meet-up-wit-2024-10-14-20-26-05-utc-1-1024x646.jpg","contentUrl":"https:\/\/handshake.at\/wp-content\/uploads\/2025\/04\/chief-executive-officer-with-secretary-meet-up-wit-2024-10-14-20-26-05-utc-1-1024x646.jpg"},{"@type":"BreadcrumbList","@id":"https:\/\/handshake.at\/de\/partners\/#breadcrumb","itemListElement":[{"@type":"ListItem","position":1,"name":"Home","item":"https:\/\/handshake.at\/de\/"},{"@type":"ListItem","position":2,"name":"Partner"}]},{"@type":"WebSite","@id":"https:\/\/handshake.at\/#website","url":"https:\/\/handshake.at\/","name":"Handshake","description":"IT specialist for the pharma industry","publisher":{"@id":"https:\/\/handshake.at\/#organization"},"potentialAction":[{"@type":"SearchAction","target":{"@type":"EntryPoint","urlTemplate":"https:\/\/handshake.at\/?s={search_term_string}"},"query-input":{"@type":"PropertyValueSpecification","valueRequired":true,"valueName":"search_term_string"}}],"inLanguage":"de"},{"@type":"Organization","@id":"https:\/\/handshake.at\/#organization","name":"Handshake","url":"https:\/\/handshake.at\/","logo":{"@type":"ImageObject","inLanguage":"de","@id":"https:\/\/handshake.at\/#\/schema\/logo\/image\/","url":"https:\/\/handshake.at\/wp-content\/uploads\/2025\/02\/handshake-logo-1.svg","contentUrl":"https:\/\/handshake.at\/wp-content\/uploads\/2025\/02\/handshake-logo-1.svg","width":663,"height":141,"caption":"Handshake"},"image":{"@id":"https:\/\/handshake.at\/#\/schema\/logo\/image\/"}}]}},"_links":{"self":[{"href":"https:\/\/handshake.at\/de\/wp-json\/wp\/v2\/pages\/3403","targetHints":{"allow":["GET"]}}],"collection":[{"href":"https:\/\/handshake.at\/de\/wp-json\/wp\/v2\/pages"}],"about":[{"href":"https:\/\/handshake.at\/de\/wp-json\/wp\/v2\/types\/page"}],"author":[{"embeddable":true,"href":"https:\/\/handshake.at\/de\/wp-json\/wp\/v2\/users\/6"}],"replies":[{"embeddable":true,"href":"https:\/\/handshake.at\/de\/wp-json\/wp\/v2\/comments?post=3403"}],"version-history":[{"count":31,"href":"https:\/\/handshake.at\/de\/wp-json\/wp\/v2\/pages\/3403\/revisions"}],"predecessor-version":[{"id":6006,"href":"https:\/\/handshake.at\/de\/wp-json\/wp\/v2\/pages\/3403\/revisions\/6006"}],"wp:attachment":[{"href":"https:\/\/handshake.at\/de\/wp-json\/wp\/v2\/media?parent=3403"}],"curies":[{"name":"wp","href":"https:\/\/api.w.org\/{rel}","templated":true}]}}