{"id":3396,"date":"2025-02-02T10:55:13","date_gmt":"2025-02-02T09:55:13","guid":{"rendered":"https:\/\/handshake.at\/data-imprint\/"},"modified":"2026-04-02T11:36:56","modified_gmt":"2026-04-02T09:36:56","slug":"impressum","status":"publish","type":"page","link":"https:\/\/handshake.at\/de\/impressum\/","title":{"rendered":"Imprint"},"content":{"rendered":"\t\t<div data-elementor-type=\"wp-page\" data-elementor-id=\"3396\" class=\"elementor elementor-3396 elementor-3\" data-elementor-post-type=\"page\">\n\t\t\t\t<div class=\"elementor-element elementor-element-3b3386d1 e-flex e-con-boxed e-con e-parent\" data-id=\"3b3386d1\" data-element_type=\"container\">\n\t\t\t\t\t<div class=\"e-con-inner\">\n\t\t\t\t<div class=\"elementor-element elementor-element-f9bf060 elementor-widget elementor-widget-heading\" data-id=\"f9bf060\" data-element_type=\"widget\" data-widget_type=\"heading.default\">\n\t\t\t\t<div class=\"elementor-widget-container\">\n\t\t\t\t\t<h2 class=\"elementor-heading-title elementor-size-default\">Imprint<\/h2>\t\t\t\t<\/div>\n\t\t\t\t<\/div>\n\t\t\t\t\t<\/div>\n\t\t\t\t<\/div>\n\t\t<div class=\"elementor-element elementor-element-ce9eb11 e-flex e-con-boxed e-con e-parent\" data-id=\"ce9eb11\" data-element_type=\"container\">\n\t\t\t\t\t<div class=\"e-con-inner\">\n\t\t<div class=\"elementor-element elementor-element-366df05 e-con-full e-flex e-con e-child\" data-id=\"366df05\" data-element_type=\"container\">\n\t\t\t\t<div class=\"elementor-element elementor-element-0295681 elementor-widget elementor-widget-text-editor\" data-id=\"0295681\" data-element_type=\"widget\" data-widget_type=\"text-editor.default\">\n\t\t\t\t<div class=\"elementor-widget-container\">\n\t\t\t\t\t\t\t\t\t<p style=\"text-align: left;\"><strong>handshake Handelsges.m.b.H.<\/strong><\/p><p style=\"text-align: left;\" align=\"center\">Schulgasse 12 \/ Top 1<br>A-1180 Vienna<\/p><p style=\"text-align: left;\" align=\"center\">Tel: +43 1 4781412-0<br>Fax: +43 1 4781412-11<br>eMail: <a href=\"mailto:office@handshake.at\">office@handshake.at<\/a><br>VAT: ATU50433106<br>Firmenbuchnummer: FN 125441y<\/p><p style=\"text-align: left;\" align=\"center\"><a href=\"https:\/\/firmen.wko.at\/handshake-handelsgesmbh\/?standortid=0\" target=\"_blank\" rel=\"noopener\" data-wplink-edit=\"true\">WKO-Referenz handshake Handelsges.m.b.H.<\/a><\/p><p style=\"text-align: left;\" align=\"center\">Gewerbeordnung: <a href=\"http:\/\/www.ris.bka.gv.at\"> https:\/\/www.ris.bka.gv.at<\/a><\/p><p style=\"text-align: left;\" align=\"center\">Aufsichtsbeh\u00f6rde: Magistratisches Bezirksamt 1180 Wien<\/p><p style=\"text-align: left;\" align=\"center\">Bankverbindung<\/p><p style=\"text-align: left;\" align=\"center\">Bank Austria Creditanstalt AG Wien<br>W\u00e4hringer Stra\u00dfe 85; A-1180 Wien<br>Bankleitzahl: 12000<br>Kontonummer: 24211664200<br>IBAN: AT82 1200 0242 1166 4200<br>Swift: BKAUATWW<\/p>\t\t\t\t\t\t\t\t<\/div>\n\t\t\t\t<\/div>\n\t\t\t\t<\/div>\n\t\t<div class=\"elementor-element elementor-element-ef088e2 e-con-full e-flex e-con e-child\" data-id=\"ef088e2\" data-element_type=\"container\">\n\t\t\t\t<div class=\"elementor-element elementor-element-e875e03 elementor-widget elementor-widget-text-editor\" data-id=\"e875e03\" data-element_type=\"widget\" data-widget_type=\"text-editor.default\">\n\t\t\t\t<div class=\"elementor-widget-container\">\n\t\t\t\t\t\t\t\t\t<p><strong>handshake Consulting GmbH<\/strong><\/p>\n<p>Schulgasse 12 \/ Top 1<br>A-1180 Wien<\/p>\n<p style=\"text-align: left;\" align=\"center\">Tel.: +43 1 4781412-0<br>FAX: +43 1 4781412-11<br>eMail:&nbsp;<span id=\"cloakc8d52a8f4a6b6822564fa7d0bc6c9c86\"><a href=\"mailto:office@handshake.at\">office@handshake.at<\/a><\/span><br>VAT: <span data-teams=\"true\">ATU81337778<\/span><br>Firmenbuchnummer: <span data-teams=\"true\">FN 635912 s<\/span><\/p>\n<p style=\"text-align: left;\" align=\"center\"><a href=\"https:\/\/firmen.wko.at\/handshake-consulting\/?standortid=0\" target=\"_blank\" rel=\"noopener\" data-wplink-edit=\"true\">WKO-Reference handshake Consulting GmbH<\/a><\/p>\n<p style=\"text-align: left;\" align=\"center\">Gewerbeordnung:&nbsp;&nbsp;<a style=\"background-color: #ffffff; color: #296ca2;\" href=\"http:\/\/www.ris.bka.gv.at\/\">&nbsp;https:\/\/www.ris.bka.gv.a<\/a>t<\/p>\n<p style=\"text-align: left;\" align=\"center\">Aufsichtsbeh\u00f6rde: Magistratisches Bezirksamt 1180 Wien<\/p>\n<p style=\"text-align: left;\" align=\"center\">Bankverbindung:<\/p>\n<p style=\"text-align: left;\" align=\"center\">Bank Austria Creditanstalt AG Wien<br>W\u00e4hringer Stra\u00dfe 85; A-1180 Wien<br>Bankleitzahl: 12000<br>Kontonummer: <span data-teams=\"true\">10043036911 <\/span> <br><span data-teams=\"true\">IBAN: AT15 1200 0100 4303 6911<\/span><br><span data-teams=\"true\">Swift: BKAUATWW<\/span><\/p>\t\t\t\t\t\t\t\t<\/div>\n\t\t\t\t<\/div>\n\t\t\t\t<\/div>\n\t\t\t\t\t<\/div>\n\t\t\t\t<\/div>\n\t\t\t\t<\/div>\n\t\t","protected":false},"excerpt":{"rendered":"<p>Imprint handshake Handelsges.m.b.H. Schulgasse 12 \/ Top 1A-1180 Vienna Tel: +43 1 4781412-0Fax: +43 1 4781412-11eMail: office@handshake.atVAT: ATU50433106Firmenbuchnummer: FN 125441y WKO-Referenz handshake Handelsges.m.b.H. Gewerbeordnung: https:\/\/www.ris.bka.gv.at Aufsichtsbeh\u00f6rde: Magistratisches Bezirksamt 1180 Wien Bankverbindung Bank Austria Creditanstalt AG WienW\u00e4hringer Stra\u00dfe 85; A-1180 WienBankleitzahl: 12000Kontonummer: 24211664200IBAN: AT82 1200 0242 1166 4200Swift: BKAUATWW handshake Consulting GmbH Schulgasse 12 \/ Top [&hellip;]<\/p>\n","protected":false},"author":6,"featured_media":0,"parent":0,"menu_order":0,"comment_status":"closed","ping_status":"closed","template":"","meta":{"_acf_changed":false,"inline_featured_image":false,"footnotes":""},"class_list":["post-3396","page","type-page","status-publish","hentry"],"acf":[],"yoast_head":"<!-- This site is optimized with the Yoast SEO plugin v26.2 - https:\/\/yoast.com\/wordpress\/plugins\/seo\/ -->\n<title>Imprint - Handshake<\/title>\n<meta name=\"robots\" content=\"index, follow, max-snippet:-1, max-image-preview:large, max-video-preview:-1\" \/>\n<link rel=\"canonical\" href=\"https:\/\/handshake.at\/de\/impressum\/\" \/>\n<meta property=\"og:locale\" content=\"de_DE\" \/>\n<meta property=\"og:type\" content=\"article\" \/>\n<meta property=\"og:title\" content=\"Imprint - Handshake\" \/>\n<meta property=\"og:description\" content=\"Imprint handshake Handelsges.m.b.H. Schulgasse 12 \/ Top 1A-1180 Vienna Tel: +43 1 4781412-0Fax: +43 1 4781412-11eMail: office@handshake.atVAT: ATU50433106Firmenbuchnummer: FN 125441y WKO-Referenz handshake Handelsges.m.b.H. Gewerbeordnung: https:\/\/www.ris.bka.gv.at Aufsichtsbeh\u00f6rde: Magistratisches Bezirksamt 1180 Wien Bankverbindung Bank Austria Creditanstalt AG WienW\u00e4hringer Stra\u00dfe 85; A-1180 WienBankleitzahl: 12000Kontonummer: 24211664200IBAN: AT82 1200 0242 1166 4200Swift: BKAUATWW handshake Consulting GmbH Schulgasse 12 \/ Top [&hellip;]\" \/>\n<meta property=\"og:url\" content=\"https:\/\/handshake.at\/de\/impressum\/\" \/>\n<meta property=\"og:site_name\" content=\"Handshake\" \/>\n<meta property=\"article:modified_time\" content=\"2026-04-02T09:36:56+00:00\" \/>\n<meta name=\"twitter:card\" content=\"summary_large_image\" \/>\n<meta name=\"twitter:label1\" content=\"Gesch\u00e4tzte Lesezeit\" \/>\n\t<meta name=\"twitter:data1\" content=\"1\u00a0Minute\" \/>\n<script type=\"application\/ld+json\" class=\"yoast-schema-graph\">{\"@context\":\"https:\/\/schema.org\",\"@graph\":[{\"@type\":\"WebPage\",\"@id\":\"https:\/\/handshake.at\/de\/impressum\/\",\"url\":\"https:\/\/handshake.at\/de\/impressum\/\",\"name\":\"Imprint - Handshake\",\"isPartOf\":{\"@id\":\"https:\/\/handshake.at\/#website\"},\"datePublished\":\"2025-02-02T09:55:13+00:00\",\"dateModified\":\"2026-04-02T09:36:56+00:00\",\"breadcrumb\":{\"@id\":\"https:\/\/handshake.at\/de\/impressum\/#breadcrumb\"},\"inLanguage\":\"de\",\"potentialAction\":[{\"@type\":\"ReadAction\",\"target\":[\"https:\/\/handshake.at\/de\/impressum\/\"]}]},{\"@type\":\"BreadcrumbList\",\"@id\":\"https:\/\/handshake.at\/de\/impressum\/#breadcrumb\",\"itemListElement\":[{\"@type\":\"ListItem\",\"position\":1,\"name\":\"Home\",\"item\":\"https:\/\/handshake.at\/de\/\"},{\"@type\":\"ListItem\",\"position\":2,\"name\":\"Imprint\"}]},{\"@type\":\"WebSite\",\"@id\":\"https:\/\/handshake.at\/#website\",\"url\":\"https:\/\/handshake.at\/\",\"name\":\"Handshake\",\"description\":\"IT specialist for the pharma industry\",\"publisher\":{\"@id\":\"https:\/\/handshake.at\/#organization\"},\"potentialAction\":[{\"@type\":\"SearchAction\",\"target\":{\"@type\":\"EntryPoint\",\"urlTemplate\":\"https:\/\/handshake.at\/?s={search_term_string}\"},\"query-input\":{\"@type\":\"PropertyValueSpecification\",\"valueRequired\":true,\"valueName\":\"search_term_string\"}}],\"inLanguage\":\"de\"},{\"@type\":\"Organization\",\"@id\":\"https:\/\/handshake.at\/#organization\",\"name\":\"Handshake\",\"url\":\"https:\/\/handshake.at\/\",\"logo\":{\"@type\":\"ImageObject\",\"inLanguage\":\"de\",\"@id\":\"https:\/\/handshake.at\/#\/schema\/logo\/image\/\",\"url\":\"https:\/\/handshake.at\/wp-content\/uploads\/2025\/02\/handshake-logo-1.svg\",\"contentUrl\":\"https:\/\/handshake.at\/wp-content\/uploads\/2025\/02\/handshake-logo-1.svg\",\"width\":663,\"height\":141,\"caption\":\"Handshake\"},\"image\":{\"@id\":\"https:\/\/handshake.at\/#\/schema\/logo\/image\/\"}}]}<\/script>\n<!-- \/ Yoast SEO plugin. -->","yoast_head_json":{"title":"Imprint - Handshake","robots":{"index":"index","follow":"follow","max-snippet":"max-snippet:-1","max-image-preview":"max-image-preview:large","max-video-preview":"max-video-preview:-1"},"canonical":"https:\/\/handshake.at\/de\/impressum\/","og_locale":"de_DE","og_type":"article","og_title":"Imprint - Handshake","og_description":"Imprint handshake Handelsges.m.b.H. Schulgasse 12 \/ Top 1A-1180 Vienna Tel: +43 1 4781412-0Fax: +43 1 4781412-11eMail: office@handshake.atVAT: ATU50433106Firmenbuchnummer: FN 125441y WKO-Referenz handshake Handelsges.m.b.H. Gewerbeordnung: https:\/\/www.ris.bka.gv.at Aufsichtsbeh\u00f6rde: Magistratisches Bezirksamt 1180 Wien Bankverbindung Bank Austria Creditanstalt AG WienW\u00e4hringer Stra\u00dfe 85; A-1180 WienBankleitzahl: 12000Kontonummer: 24211664200IBAN: AT82 1200 0242 1166 4200Swift: BKAUATWW handshake Consulting GmbH Schulgasse 12 \/ Top [&hellip;]","og_url":"https:\/\/handshake.at\/de\/impressum\/","og_site_name":"Handshake","article_modified_time":"2026-04-02T09:36:56+00:00","twitter_card":"summary_large_image","twitter_misc":{"Gesch\u00e4tzte Lesezeit":"1\u00a0Minute"},"schema":{"@context":"https:\/\/schema.org","@graph":[{"@type":"WebPage","@id":"https:\/\/handshake.at\/de\/impressum\/","url":"https:\/\/handshake.at\/de\/impressum\/","name":"Imprint - Handshake","isPartOf":{"@id":"https:\/\/handshake.at\/#website"},"datePublished":"2025-02-02T09:55:13+00:00","dateModified":"2026-04-02T09:36:56+00:00","breadcrumb":{"@id":"https:\/\/handshake.at\/de\/impressum\/#breadcrumb"},"inLanguage":"de","potentialAction":[{"@type":"ReadAction","target":["https:\/\/handshake.at\/de\/impressum\/"]}]},{"@type":"BreadcrumbList","@id":"https:\/\/handshake.at\/de\/impressum\/#breadcrumb","itemListElement":[{"@type":"ListItem","position":1,"name":"Home","item":"https:\/\/handshake.at\/de\/"},{"@type":"ListItem","position":2,"name":"Imprint"}]},{"@type":"WebSite","@id":"https:\/\/handshake.at\/#website","url":"https:\/\/handshake.at\/","name":"Handshake","description":"IT specialist for the pharma industry","publisher":{"@id":"https:\/\/handshake.at\/#organization"},"potentialAction":[{"@type":"SearchAction","target":{"@type":"EntryPoint","urlTemplate":"https:\/\/handshake.at\/?s={search_term_string}"},"query-input":{"@type":"PropertyValueSpecification","valueRequired":true,"valueName":"search_term_string"}}],"inLanguage":"de"},{"@type":"Organization","@id":"https:\/\/handshake.at\/#organization","name":"Handshake","url":"https:\/\/handshake.at\/","logo":{"@type":"ImageObject","inLanguage":"de","@id":"https:\/\/handshake.at\/#\/schema\/logo\/image\/","url":"https:\/\/handshake.at\/wp-content\/uploads\/2025\/02\/handshake-logo-1.svg","contentUrl":"https:\/\/handshake.at\/wp-content\/uploads\/2025\/02\/handshake-logo-1.svg","width":663,"height":141,"caption":"Handshake"},"image":{"@id":"https:\/\/handshake.at\/#\/schema\/logo\/image\/"}}]}},"_links":{"self":[{"href":"https:\/\/handshake.at\/de\/wp-json\/wp\/v2\/pages\/3396","targetHints":{"allow":["GET"]}}],"collection":[{"href":"https:\/\/handshake.at\/de\/wp-json\/wp\/v2\/pages"}],"about":[{"href":"https:\/\/handshake.at\/de\/wp-json\/wp\/v2\/types\/page"}],"author":[{"embeddable":true,"href":"https:\/\/handshake.at\/de\/wp-json\/wp\/v2\/users\/6"}],"replies":[{"embeddable":true,"href":"https:\/\/handshake.at\/de\/wp-json\/wp\/v2\/comments?post=3396"}],"version-history":[{"count":11,"href":"https:\/\/handshake.at\/de\/wp-json\/wp\/v2\/pages\/3396\/revisions"}],"predecessor-version":[{"id":7294,"href":"https:\/\/handshake.at\/de\/wp-json\/wp\/v2\/pages\/3396\/revisions\/7294"}],"wp:attachment":[{"href":"https:\/\/handshake.at\/de\/wp-json\/wp\/v2\/media?parent=3396"}],"curies":[{"name":"wp","href":"https:\/\/api.w.org\/{rel}","templated":true}]}}